{"id":1010,"date":"2019-06-09T15:22:09","date_gmt":"2019-06-09T15:22:09","guid":{"rendered":"https:\/\/www.dolografie.com\/?page_id=1010"},"modified":"2024-09-06T13:52:37","modified_gmt":"2024-09-06T13:52:37","slug":"shopformular-190609","status":"publish","type":"page","link":"https:\/\/www.dolografie.com\/fr\/shop\/shopformular-190609\/","title":{"rendered":"Shopformular 190609 \u2013 fr"},"content":{"rendered":"<p><span class=\"hierarchiezeile\">Vous \u00eates ici: Dolografie \u00bb <a href=\"https:\/\/www.dolografie.com\/shop\/\">Shop<\/a> \u00bb <a href=\"https:\/\/www.dolografie.com\/shop\/shopformular-190609\/\">formulaire de commande<\/a><\/span><\/p>\n<h1><span style=\"color: #000000;\">Commande<\/span><\/h1>\n<p>Les commandes peuvent \u00e9galement \u00eatre faites par le formulaire de commande ou par mail: <a href=\"mailto:shop@dolografie.com\">shop@dolografie.com<\/a><\/p>\n<h1>Langue<\/h1>\n<p>Les cartes du Set Dolografie\u00ae sont sans langue et num\u00e9rot\u00e9es. L&#8217;emballage est en anglais.<br \/>\nLa pr\u00e9sentation powerpoint est traduite en trois langues.<\/p>\n<h1>Livraison et paiement<\/h1>\n<p>Nous exp\u00e9dions dans le monde entier ! La livraison est gratuite. (Selon le pays, des frais d&rsquo;importation peuvent s&rsquo;appliquer \u00e0 la douane.)<\/p>\n<p>La livraison du set de cartes Dolografie\u00ae est de 2 \u00e0 5 jours (Suisse), de 7 \u00e0 10 jours (Europe) ou plus (autres pays).<\/p>\n<p>Vous recevrez une confirmation de commande automatique apr\u00e8s l\u2019envoi du formulaire de commande. Le paiement s&rsquo;effectue soit par facture, soit par carte de cr\u00e9dit\/Paypal.<\/p>\n<p>&nbsp;<\/p>\n<p>\n<div class=\"wpcf7 no-js\" id=\"wpcf7-f2521-o3\" lang=\"de-DE\" dir=\"ltr\" data-wpcf7-id=\"2521\">\n<div class=\"screen-reader-response\"><p role=\"status\" aria-live=\"polite\" aria-atomic=\"true\"><\/p> <ul><\/ul><\/div>\n<form action=\"\/fr\/wp-json\/wp\/v2\/pages\/1010#wpcf7-f2521-o3\" method=\"post\" class=\"wpcf7-form init wpcf7-acceptance-as-validation\" aria-label=\"Kontaktformular\" novalidate=\"novalidate\" data-status=\"init\">\n<fieldset class=\"hidden-fields-container\"><input type=\"hidden\" name=\"_wpcf7\" value=\"2521\" \/><input type=\"hidden\" name=\"_wpcf7_version\" value=\"6.1.5\" \/><input type=\"hidden\" name=\"_wpcf7_locale\" value=\"de_DE\" \/><input type=\"hidden\" name=\"_wpcf7_unit_tag\" value=\"wpcf7-f2521-o3\" \/><input type=\"hidden\" name=\"_wpcf7_container_post\" value=\"0\" \/><input type=\"hidden\" name=\"_wpcf7_posted_data_hash\" value=\"\" \/>\n<\/fieldset>\n<div class=\"formularleft\">\n\t<p><label> Pr\u00e9nom*<br \/>\n<span class=\"wpcf7-form-control-wrap\" data-name=\"mc4wp-FNAME\"><input size=\"40\" maxlength=\"400\" class=\"wpcf7-form-control wpcf7-text wpcf7-validates-as-required formularinfos\" aria-required=\"true\" aria-invalid=\"false\" value=\"\" type=\"text\" name=\"mc4wp-FNAME\" \/><\/span> <\/label>\n\t<\/p>\n\t<p><label> Nom*<br \/>\n<span class=\"wpcf7-form-control-wrap\" data-name=\"mc4wp-LNAME\"><input size=\"40\" maxlength=\"400\" class=\"wpcf7-form-control wpcf7-text wpcf7-validates-as-required formularinfos\" aria-required=\"true\" aria-invalid=\"false\" value=\"\" type=\"text\" name=\"mc4wp-LNAME\" \/><\/span> <\/label>\n\t<\/p>\n\t<p><label> rue*<br \/>\n<span class=\"wpcf7-form-control-wrap\" data-name=\"your-street\"><input size=\"40\" maxlength=\"400\" class=\"wpcf7-form-control wpcf7-text wpcf7-validates-as-required formularinfos\" aria-required=\"true\" aria-invalid=\"false\" value=\"\" type=\"text\" name=\"your-street\" \/><\/span> <\/label>\n\t<\/p>\n\t<p><label> no*<br \/>\n<span class=\"wpcf7-form-control-wrap\" data-name=\"your-streetnumber\"><input size=\"40\" maxlength=\"400\" class=\"wpcf7-form-control wpcf7-text wpcf7-validates-as-required formularinfos\" aria-required=\"true\" aria-invalid=\"false\" value=\"\" type=\"text\" name=\"your-streetnumber\" \/><\/span> <\/label>\n\t<\/p>\n\t<p><label> code postal*<br \/>\n<span class=\"wpcf7-form-control-wrap\" data-name=\"your-postbox\"><input size=\"40\" maxlength=\"400\" class=\"wpcf7-form-control wpcf7-text wpcf7-validates-as-required formularinfos\" aria-required=\"true\" aria-invalid=\"false\" value=\"\" type=\"text\" name=\"your-postbox\" \/><\/span> <\/label>\n\t<\/p>\n\t<p><label> lieu(locait\u00e9)*<br \/>\n<span class=\"wpcf7-form-control-wrap\" data-name=\"your-city\"><input size=\"40\" maxlength=\"400\" class=\"wpcf7-form-control wpcf7-text wpcf7-validates-as-required formularinfos\" aria-required=\"true\" aria-invalid=\"false\" value=\"\" type=\"text\" name=\"your-city\" \/><\/span> <\/label>\n\t<\/p>\n\t<p><label> pays*<br \/>\n<span class=\"wpcf7-form-control-wrap\" data-name=\"your-country\"><input size=\"40\" maxlength=\"400\" class=\"wpcf7-form-control wpcf7-text wpcf7-validates-as-required formularinfos\" aria-required=\"true\" aria-invalid=\"false\" value=\"\" type=\"text\" name=\"your-country\" \/><\/span> <\/label>\n\t<\/p>\n\t<p><label> Email*<br \/>\n<span class=\"wpcf7-form-control-wrap\" data-name=\"mc4wp-EMAIL\"><input size=\"40\" maxlength=\"400\" class=\"wpcf7-form-control wpcf7-email wpcf7-validates-as-required wpcf7-text wpcf7-validates-as-email formularinfos\" aria-required=\"true\" aria-invalid=\"false\" value=\"\" type=\"email\" name=\"mc4wp-EMAIL\" \/><\/span> <\/label>\n\t<\/p>\n<\/div>\n<div class=\"formularright\">\n\t<p><label> Entreprise\/institution<br \/>\n<span class=\"wpcf7-form-control-wrap\" data-name=\"your-company\"><input size=\"40\" maxlength=\"400\" class=\"wpcf7-form-control wpcf7-text formularinfos\" aria-invalid=\"false\" value=\"\" type=\"text\" name=\"your-company\" \/><\/span> <\/label>\n\t<\/p>\n\t<p><label> Department<br \/>\n<span class=\"wpcf7-form-control-wrap\" data-name=\"your-department\"><input size=\"40\" maxlength=\"400\" class=\"wpcf7-form-control wpcf7-text formularinfos\" aria-invalid=\"false\" value=\"\" type=\"text\" name=\"your-department\" \/><\/span> <\/label>\n\t<\/p>\n\t<p><label> Adresse de livraison <span style=\"font-size:0.7em; margin-top: -5px; display: inline-block;\">(si diff\u00e9rente de l\u2019adresse de facturation)<\/span><br \/>\n<span class=\"wpcf7-form-control-wrap\" data-name=\"your-shippingadress\"><textarea cols=\"40\" rows=\"10\" maxlength=\"2000\" class=\"wpcf7-form-control wpcf7-textarea formularinfos\" aria-invalid=\"false\" name=\"your-shippingadress\"><\/textarea><\/span> <\/label>\n\t<\/p>\n<\/div>\n<div style=\"float:none; width: 100%; clear:both;\">\n\t<div class=\"formularleft\">\n\t\t<p><img loading=\"lazy\" decoding=\"async\" class=\"alignnone size-full wp-image-684\" src=\"https:\/\/www.dolografie.com\/wp-content\/uploads\/2024\/03\/MF62007_5_english_web.jpg\" alt=\"\" width=\"1200\" height=\"800\" data-id=\"684\" \/>\n\t\t<\/p>\n\t<\/div>\n\t<div class=\"formularright\">\n\t\t<p><label><br \/>\nJe souhaite commander <span class=\"wpcf7-form-control-wrap\" data-name=\"menge-kartenset\"><select class=\"wpcf7-form-control wpcf7-select\" aria-invalid=\"false\" name=\"menge-kartenset\"><option value=\"0\">0<\/option><option value=\"1\">1<\/option><option value=\"2\">2<\/option><option value=\"3\">3<\/option><option value=\"4\">4<\/option><option value=\"5\">5<\/option><option value=\"6\">6<\/option><option value=\"7\">7<\/option><option value=\"8\">8<\/option><option value=\"9\">9<\/option><option value=\"10\">10<\/option><option value=\"11\">11<\/option><option value=\"12\">12<\/option><option value=\"14\">14<\/option><option value=\"15\">15<\/option><option value=\"16\">16<\/option><option value=\"17\">17<\/option><option value=\"18\">18<\/option><\/select><\/span> exemplaire(s) de la Dolografie pour le prix de CHF 119.- par pi\u00e8ce<\/label>\n\t\t<\/p>\n\t<\/div>\n\t<div style=\"float:none; width: 100%; clear:both;\">\n\t<\/div>\n\t<div class=\"formularleft\">\n\t\t<p><img loading=\"lazy\" decoding=\"async\" class=\"alignnone size-full wp-image-994\" src=\"https:\/\/www.dolografie.com\/wp-content\/uploads\/2019\/05\/DG_Lernfolie_Ansicht_Webshop_web.png\" alt=\"\" width=\"2100\" height=\"1400\" data-id=\"994\" srcset=\"https:\/\/www.dolografie.com\/wp-content\/uploads\/2019\/05\/DG_Lernfolie_Ansicht_Webshop_web.png 2100w, https:\/\/www.dolografie.com\/wp-content\/uploads\/2019\/05\/DG_Lernfolie_Ansicht_Webshop_web-300x200.png 300w, https:\/\/www.dolografie.com\/wp-content\/uploads\/2019\/05\/DG_Lernfolie_Ansicht_Webshop_web-768x512.png 768w, https:\/\/www.dolografie.com\/wp-content\/uploads\/2019\/05\/DG_Lernfolie_Ansicht_Webshop_web-1024x683.png 1024w\" sizes=\"auto, (max-width: 2100px) 100vw, 2100px\" \/>\n\t\t<\/p>\n\t<\/div>\n\t<div class=\"formularright\">\n\t\t<p><label><br \/>\nJe souhaite commander <span class=\"wpcf7-form-control-wrap\" data-name=\"menge-powerpoint\"><select class=\"wpcf7-form-control wpcf7-select\" aria-invalid=\"false\" name=\"menge-powerpoint\"><option value=\"0\">0<\/option><option value=\"1\">1<\/option><option value=\"2\">2<\/option><option value=\"3\">3<\/option><option value=\"4\">4<\/option><option value=\"5\">5<\/option><option value=\"6\">6<\/option><option value=\"7\">7<\/option><option value=\"8\">8<\/option><option value=\"9\">9<\/option><option value=\"10\">10<\/option><option value=\"11\">11<\/option><option value=\"12\">12<\/option><option value=\"14\">14<\/option><option value=\"15\">15<\/option><option value=\"16\">16<\/option><option value=\"17\">17<\/option><option value=\"18\">18<\/option><\/select><\/span> licence(s) de la pr\u00e9sentation powerpoint \u00e9valuation de la douleur pour le prix de<br \/>\nCHF 59.- par licence<\/label><label> en <span class=\"wpcf7-form-control-wrap\" data-name=\"menu-138\"><select class=\"wpcf7-form-control wpcf7-select wpcf7-validates-as-required\" aria-required=\"true\" aria-invalid=\"false\" name=\"menu-138\"><option value=\"allemand\">allemand<\/option><option value=\"anglais\">anglais<\/option><option value=\"fran\u00e7ais\">fran\u00e7ais<\/option><\/select><\/span>. <\/label>\n\t\t<\/p>\n\t<\/div>\n\t<div style=\"float:none; width: 100%; clear:both;\">\n\t<\/div>\n\t<p><label><br \/>\nMode de paiement*:<br \/>\n<span class=\"wpcf7-form-control-wrap\" data-name=\"bezahlung\"><select class=\"wpcf7-form-control wpcf7-select wpcf7-validates-as-required\" aria-required=\"true\" aria-invalid=\"false\" name=\"bezahlung\"><option value=\"\">&#8211; Bitte ausw\u00e4hlen &#8211;<\/option><option value=\"Paiement sur facture\">Paiement sur facture<\/option><option value=\"Carte de cr\u00e9dit ou pr\u00e9l\u00e8vement automatique (via PayPal)\">Carte de cr\u00e9dit ou pr\u00e9l\u00e8vement automatique (via PayPal)<\/option><\/select><\/span><br \/>\n<\/label>\n\t<\/p>\n\t<p><label><br \/>\n<span class=\"wpcf7-form-control-wrap\" data-name=\"acceptance-820\"><span class=\"wpcf7-form-control wpcf7-acceptance\"><span class=\"wpcf7-list-item\"><label><input type=\"checkbox\" name=\"acceptance-820\" value=\"1\" class=\"checkbox\" aria-invalid=\"false\" \/><span class=\"wpcf7-list-item-label\">J\u2019ai lu et approuv\u00e9 les  <a href=\"https:\/\/www.dolografie.com\/wp-content\/uploads\/2017\/01\/DG_AGB_170112.pdf\">conditions g\u00e9n\u00e9rales<\/a>.<\/span><\/label><\/span><\/span><\/span><\/label>\n\t<\/p>\n\t<p><!-- Mailchimp for WordPress v4.12.2 - https:\/\/www.mc4wp.com\/ --><input type=\"hidden\" name=\"_mc4wp_subscribe_contact-form-7\" value=\"0\" \/><span class=\"mc4wp-checkbox mc4wp-checkbox-contact-form-7 \"><label><input type=\"checkbox\" name=\"_mc4wp_subscribe_contact-form-7\" value=\"1\" checked=\"checked\"><span><span class=\"wpcf7-list-item-label\">Nous vous informons des nouveaut\u00e9s sur la Dolografie une fois par an<\/span><\/span><\/label><\/span><!-- \/ Mailchimp for WordPress -->\n\t<\/p>\n\t<p style=\"text-align:center; margin-top: 40px;\"><br \/>\n<input class=\"wpcf7-form-control wpcf7-submit has-spinner formularbutton\" type=\"submit\" value=\"Envoyer la commande\" \/>\n\t<\/p>\n<\/div>\n<p><div class=\"cf7-cf-turnstile\" style=\"margin-top: 0px; margin-bottom: -15px;\"> <div id=\"cf-turnstile-cf7-1799893838\" class=\"cf-turnstile\" data-sitekey=\"0x4AAAAAABB64T9Yqxq8jikc\" data-theme=\"light\" data-language=\"auto\" data-size=\"normal\" data-retry=\"auto\" data-retry-interval=\"1000\" data-refresh-expired=\"auto\" data-refresh-timeout=\"auto\" data-action=\"contact-form-7\" data-callback=\"turnstileCF7Callback\" data-appearance=\"always\"><\/div> <script>document.addEventListener(\"DOMContentLoaded\", function() { setTimeout(function(){ var e=document.getElementById(\"cf-turnstile-cf7-1799893838\"); if(e&&!e.innerHTML.trim()){turnstile.render(e, {sitekey:\"0x4AAAAAABB64T9Yqxq8jikc\"});} }, 200); });<\/script> <br class=\"cf-turnstile-br cf-turnstile-br-cf7-1799893838\"> <style>#cf-turnstile-cf7-1799893838 { margin-left: -15px; }<\/style> <script>document.addEventListener(\"DOMContentLoaded\",function(){document.querySelectorAll('.wpcf7-form').forEach(function(e){e.addEventListener('submit',function(){if(document.getElementById('cf-turnstile-cf7-1799893838')){setTimeout(function(){turnstile.reset('#cf-turnstile-cf7-1799893838');},1000)}})})});<\/script> <\/div>\n<\/p><div class=\"wpcf7-response-output\" aria-hidden=\"true\"><\/div>\n<\/form>\n<\/div>\n<\/p>","protected":false},"excerpt":{"rendered":"<p>Vous \u00eates ici: Dolografie \u00bb Shop \u00bb formulaire de commande Commande Les commandes peuvent \u00e9galement \u00eatre faites par le formulaire de commande ou par mail: shop@dolografie.com Langue Les cartes du Set Dolografie\u00ae sont sans langue et num\u00e9rot\u00e9es. L&#8217;emballage est en anglais. La pr\u00e9sentation powerpoint est traduite en trois langues. Livraison et paiement Nous exp\u00e9dions dans [&hellip;]<\/p>\n","protected":false},"author":2,"featured_media":0,"parent":1012,"menu_order":0,"comment_status":"closed","ping_status":"closed","template":"","meta":{"footnotes":""},"class_list":["post-1010","page","type-page","status-publish","hentry"],"_links":{"self":[{"href":"https:\/\/www.dolografie.com\/fr\/wp-json\/wp\/v2\/pages\/1010","targetHints":{"allow":["GET"]}}],"collection":[{"href":"https:\/\/www.dolografie.com\/fr\/wp-json\/wp\/v2\/pages"}],"about":[{"href":"https:\/\/www.dolografie.com\/fr\/wp-json\/wp\/v2\/types\/page"}],"author":[{"embeddable":true,"href":"https:\/\/www.dolografie.com\/fr\/wp-json\/wp\/v2\/users\/2"}],"replies":[{"embeddable":true,"href":"https:\/\/www.dolografie.com\/fr\/wp-json\/wp\/v2\/comments?post=1010"}],"version-history":[{"count":54,"href":"https:\/\/www.dolografie.com\/fr\/wp-json\/wp\/v2\/pages\/1010\/revisions"}],"predecessor-version":[{"id":2798,"href":"https:\/\/www.dolografie.com\/fr\/wp-json\/wp\/v2\/pages\/1010\/revisions\/2798"}],"up":[{"embeddable":true,"href":"https:\/\/www.dolografie.com\/fr\/wp-json\/wp\/v2\/pages\/1012"}],"wp:attachment":[{"href":"https:\/\/www.dolografie.com\/fr\/wp-json\/wp\/v2\/media?parent=1010"}],"curies":[{"name":"wp","href":"https:\/\/api.w.org\/{rel}","templated":true}]}}