{"id":1095,"date":"2019-06-09T21:19:39","date_gmt":"2019-06-09T21:19:39","guid":{"rendered":"https:\/\/www.dolografie.com\/?page_id=1095"},"modified":"2024-09-06T13:36:23","modified_gmt":"2024-09-06T13:36:23","slug":"assessment-powerpoint-praesentation","status":"publish","type":"page","link":"https:\/\/www.dolografie.com\/fr\/shop\/assessment-powerpoint-praesentation\/","title":{"rendered":"Assessment \u2013 fr"},"content":{"rendered":"<p><\/p>\n<p class=\"hierarchiezeile\" style=\"text-align: left;\"><span style=\"color: #000000;\">Vous \u00eates ici:<\/span> Dolografie \u00bb <a href=\"https:\/\/www.dolografie.com\/shop\/\">Shop<\/a> \u00bb <a href=\"https:\/\/www.dolografie.com\/assessment-powerpoint-praesentation\/\">\u00c9valuation de la douleur avec Dolografie\u00ae<\/a><\/p>\n<div tabindex=\"0\" class=\"cycloneslider cycloneslider-template-standard cycloneslider-width-responsive\" id=\"cycloneslider-shop_assessment-3\"\nstyle=\"position:relative; left:10px; right:10px; width:640px; margin-bottom:10px\" > <div class=\"cycloneslider-slides cycle-slideshow\" data-cycle-allow-wrap=\"true\" data-cycle-dynamic-height=\"off\" data-cycle-auto-height=\"1200:800\" data-cycle-auto-height-easing=\"null\" data-cycle-auto-height-speed=\"250\" data-cycle-delay=\"0\" data-cycle-easing=\"\" data-cycle-fx=\"fade\" data-cycle-hide-non-active=\"true\" data-cycle-log=\"false\" data-cycle-next=\"#cycloneslider-shop_assessment-3 .cycloneslider-next\" data-cycle-pager=\"#cycloneslider-shop_assessment-3 .cycloneslider-pager\" data-cycle-pause-on-hover=\"false\" data-cycle-prev=\"#cycloneslider-shop_assessment-3 .cycloneslider-prev\" data-cycle-slides=\"&gt; div\" data-cycle-speed=\"1000\" data-cycle-swipe=\"false\" data-cycle-tile-count=\"7\" data-cycle-tile-delay=\"100\" data-cycle-tile-vertical=\"true\" data-cycle-timeout=\"3000\" > <div class=\"cycloneslider-slide cycloneslider-slide-image\" > <img decoding=\"async\" src=\"https:\/\/www.dolografie.com\/wp-content\/uploads\/2019\/05\/DG_Lernfolie_Ansicht_Webshop_2.png\" alt=\"\" title=\"\" \/> <\/div> <div class=\"cycloneslider-slide cycloneslider-slide-image\" > <img decoding=\"async\" src=\"https:\/\/www.dolografie.com\/wp-content\/uploads\/2019\/05\/DG_Lernfolie_Ansicht_Webshop_web.png\" alt=\"\" title=\"\" \/> <\/div> <\/div> <\/div>\n<h4><em>\u00c9valuation de la douleur avec Dolografie\u00ae<br \/>\n<\/em><em>CHF 59.\u2013<br \/>\n<\/em><em>Pr\u00e9sentation powerpoint pour formation rapide des collaborateurs<br \/>\n<\/em><em><a href=\"https:\/\/www.dolografie.com\/shop\/shopformular-190609\/\">\u2192 Ordre<\/a><\/em><\/h4>\n<p>&nbsp;<\/p>\n<p>Afin de permettre une utilisation efficace de la Dolografie\u00ae dans le contexte clinique, il est recommand\u00e9 de former les \u00e9quipes \u00e0 l\u2019aide de cette pr\u00e9sentation. Cette formation peut \u00eatre enseign\u00e9e par une personne interne \u00e0 l\u2019entreprise, disposant de connaissances aprofondies sur le sujet de la douleur.<\/p>\n<p>En premi\u00e8re partie, la pr\u00e9sentation traite de la prise en charge de la douleur avec l\u2019accent sur l\u2019\u00e9valuation. La deuxi\u00e8me partie traite du fonctionnement, et des possibilit\u00e9s d\u2019utilisation de la Dolografie\u00ae.<\/p>\n<p>La pr\u00e9sentation comprend 44 slides avec un espace pour des commentaires, dure environ 30-45 minutes et peut \u00eatre adapt\u00e9e aux besoins individuels de chaque service ou cabinet.<\/p>\n<p>La pr\u00e9sentation a \u00e9t\u00e9 d\u00e9velopp\u00e9e en collaboration avec Sara H\u00e4usermann (diplomierte Pflegefachfrau HF\/BScN, MSc Palliative Care, MAS in Onkologischer Pflege, Berufsschullehrerin im Gesundheitswesen und Dozentin an der Z\u00fcrcher Hochschule f\u00fcr Angewandte Wissenschaften)<\/p>\n<p>Sara H\u00e4usermann propose des formations sur le sujet de la douleur et de la Dolografie\u00ae. Pour toute demande veuillez vous adresser par\u00a0<a href=\"mailto:info@dolografie.com\">mail.<\/a><\/p>\n<h1>Paiement et livraison<\/h1>\n<p>L\u2019achat de cette licence donne droit \u00e0 la pr\u00e9sentation dans le cadre d\u2019un service ou unit\u00e9 organisationelle<\/p>\n<p>Vous recevrez une confirmation de commande apr\u00e8s l\u2019envoi du formulaire de commande. Vous recevrez ensuite un message avec le lien de t\u00e9l\u00e9chargement de la pr\u00e9sentation.<\/p>\n<p>Le paiement s\u2019effectue soit par carte de cr\u00e9dit\/Paypal, soit par facture apr\u00e8s r\u00e9ception de la marchandise.<\/p>","protected":false},"excerpt":{"rendered":"<p>Vous \u00eates ici: Dolografie \u00bb Shop \u00bb \u00c9valuation de la douleur avec Dolografie\u00ae \u00c9valuation de la douleur avec Dolografie\u00ae CHF 59.\u2013 Pr\u00e9sentation powerpoint pour formation rapide des collaborateurs \u2192 Ordre &nbsp; Afin de permettre une utilisation efficace de la Dolografie\u00ae dans le contexte clinique, il est recommand\u00e9 de former les \u00e9quipes \u00e0 l\u2019aide de cette [&hellip;]<\/p>\n","protected":false},"author":2,"featured_media":0,"parent":1012,"menu_order":0,"comment_status":"closed","ping_status":"closed","template":"","meta":{"footnotes":""},"class_list":["post-1095","page","type-page","status-publish","hentry"],"_links":{"self":[{"href":"https:\/\/www.dolografie.com\/fr\/wp-json\/wp\/v2\/pages\/1095","targetHints":{"allow":["GET"]}}],"collection":[{"href":"https:\/\/www.dolografie.com\/fr\/wp-json\/wp\/v2\/pages"}],"about":[{"href":"https:\/\/www.dolografie.com\/fr\/wp-json\/wp\/v2\/types\/page"}],"author":[{"embeddable":true,"href":"https:\/\/www.dolografie.com\/fr\/wp-json\/wp\/v2\/users\/2"}],"replies":[{"embeddable":true,"href":"https:\/\/www.dolografie.com\/fr\/wp-json\/wp\/v2\/comments?post=1095"}],"version-history":[{"count":30,"href":"https:\/\/www.dolografie.com\/fr\/wp-json\/wp\/v2\/pages\/1095\/revisions"}],"predecessor-version":[{"id":2785,"href":"https:\/\/www.dolografie.com\/fr\/wp-json\/wp\/v2\/pages\/1095\/revisions\/2785"}],"up":[{"embeddable":true,"href":"https:\/\/www.dolografie.com\/fr\/wp-json\/wp\/v2\/pages\/1012"}],"wp:attachment":[{"href":"https:\/\/www.dolografie.com\/fr\/wp-json\/wp\/v2\/media?parent=1095"}],"curies":[{"name":"wp","href":"https:\/\/api.w.org\/{rel}","templated":true}]}}