{"id":1426,"date":"2020-05-29T10:18:18","date_gmt":"2020-05-29T10:18:18","guid":{"rendered":"https:\/\/www.dolografie.com\/?page_id=1426"},"modified":"2021-02-04T09:58:28","modified_gmt":"2021-02-04T09:58:28","slug":"dolografie-ausstellungskonzept","status":"publish","type":"page","link":"https:\/\/www.dolografie.com\/fr\/shop\/dolografie-ausstellungskonzept\/","title":{"rendered":"Concept d&rsquo;exposition"},"content":{"rendered":"<p><\/p>\n<p class=\"hierarchiezeile\">Vous \u00eates ici: Dolografie \u00bb <a href=\"https:\/\/www.dolografie.com\/fr\/shop\/\">Shop<\/a> \u00bb <a href=\"https:\/\/www.dolografie.com\/fr\/shop\/dolografie-ausstellungskonzept\/\">Concept d&rsquo;exposition<\/a><\/p>\n<p>&nbsp;<\/p>\n<p><img loading=\"lazy\" decoding=\"async\" class=\"alignnone size-full wp-image-1430\" src=\"https:\/\/www.dolografie.com\/wp-content\/uploads\/2020\/05\/OKT_7149_2-web.jpg\" alt=\"\" width=\"1497\" height=\"800\" data-id=\"1430\" srcset=\"https:\/\/www.dolografie.com\/wp-content\/uploads\/2020\/05\/OKT_7149_2-web.jpg 1497w, https:\/\/www.dolografie.com\/wp-content\/uploads\/2020\/05\/OKT_7149_2-web-300x160.jpg 300w, https:\/\/www.dolografie.com\/wp-content\/uploads\/2020\/05\/OKT_7149_2-web-768x410.jpg 768w, https:\/\/www.dolografie.com\/wp-content\/uploads\/2020\/05\/OKT_7149_2-web-1024x547.jpg 1024w\" sizes=\"auto, (max-width: 1497px) 100vw, 1497px\" \/><\/p>\n<h2 style=\"text-align: right;\">Dolografie \u00e0 BrainFair, H\u00f4pital universitaire de Zurich<\/h2>\n<p>&nbsp;<\/p>\n<h4><\/h4>\n<h4><em>Concept d&rsquo;exposition de la Dolografie\u00ae<br \/>\n<\/em><em><a href=\"mailto:info@dolografie.com\" target=\"_blank\" rel=\"noopener noreferrer\">\u2192 sur demande<\/a><br \/>\n<\/em><\/h4>\n<p>Les images de la Dolografie sont \u00e9galement utilis\u00e9es comme objets d&rsquo;exposition permanente ou temporaire dans les cliniques et les cabinets medicaux.\u00a0Si vous \u00eates int\u00e9ress\u00e9\u00b7e par une exposition de Dolografie, veuillez nous contacter.<\/p>","protected":false},"excerpt":{"rendered":"<p>Vous \u00eates ici: Dolografie \u00bb Shop \u00bb Concept d&rsquo;exposition &nbsp; Dolografie \u00e0 BrainFair, H\u00f4pital universitaire de Zurich &nbsp; Concept d&rsquo;exposition de la Dolografie\u00ae \u2192 sur demande Les images de la Dolografie sont \u00e9galement utilis\u00e9es comme objets d&rsquo;exposition permanente ou temporaire dans les cliniques et les cabinets medicaux.\u00a0Si vous \u00eates int\u00e9ress\u00e9\u00b7e par une exposition de Dolografie, [&hellip;]<\/p>\n","protected":false},"author":2,"featured_media":0,"parent":1012,"menu_order":0,"comment_status":"closed","ping_status":"closed","template":"","meta":{"footnotes":""},"class_list":["post-1426","page","type-page","status-publish","hentry"],"_links":{"self":[{"href":"https:\/\/www.dolografie.com\/fr\/wp-json\/wp\/v2\/pages\/1426","targetHints":{"allow":["GET"]}}],"collection":[{"href":"https:\/\/www.dolografie.com\/fr\/wp-json\/wp\/v2\/pages"}],"about":[{"href":"https:\/\/www.dolografie.com\/fr\/wp-json\/wp\/v2\/types\/page"}],"author":[{"embeddable":true,"href":"https:\/\/www.dolografie.com\/fr\/wp-json\/wp\/v2\/users\/2"}],"replies":[{"embeddable":true,"href":"https:\/\/www.dolografie.com\/fr\/wp-json\/wp\/v2\/comments?post=1426"}],"version-history":[{"count":14,"href":"https:\/\/www.dolografie.com\/fr\/wp-json\/wp\/v2\/pages\/1426\/revisions"}],"predecessor-version":[{"id":1604,"href":"https:\/\/www.dolografie.com\/fr\/wp-json\/wp\/v2\/pages\/1426\/revisions\/1604"}],"up":[{"embeddable":true,"href":"https:\/\/www.dolografie.com\/fr\/wp-json\/wp\/v2\/pages\/1012"}],"wp:attachment":[{"href":"https:\/\/www.dolografie.com\/fr\/wp-json\/wp\/v2\/media?parent=1426"}],"curies":[{"name":"wp","href":"https:\/\/api.w.org\/{rel}","templated":true}]}}