{"id":23,"date":"2013-10-31T13:39:18","date_gmt":"2013-10-31T13:39:18","guid":{"rendered":"http:\/\/www.dolorografie.ch\/?page_id=23"},"modified":"2023-09-11T11:02:07","modified_gmt":"2023-09-11T11:02:07","slug":"kontakt","status":"publish","type":"page","link":"https:\/\/www.dolografie.com\/fr\/kontakt\/","title":{"rendered":"Contact"},"content":{"rendered":"<p><div tabindex=\"0\" class=\"cycloneslider cycloneslider-template-standard cycloneslider-width-responsive\" id=\"cycloneslider-bild-zitat_start-eng-3\" style=\"max-width:1200px\" > <div class=\"cycloneslider-slides cycle-slideshow\" data-cycle-allow-wrap=\"true\" data-cycle-dynamic-height=\"off\" data-cycle-auto-height=\"1200:800\" data-cycle-auto-height-easing=\"null\" data-cycle-auto-height-speed=\"250\" data-cycle-delay=\"0\" data-cycle-easing=\"\" data-cycle-fx=\"fade\" data-cycle-hide-non-active=\"true\" data-cycle-log=\"false\" data-cycle-next=\"#cycloneslider-bild-zitat_start-eng-3 .cycloneslider-next\" data-cycle-pager=\"#cycloneslider-bild-zitat_start-eng-3 .cycloneslider-pager\" data-cycle-pause-on-hover=\"false\" data-cycle-prev=\"#cycloneslider-bild-zitat_start-eng-3 .cycloneslider-prev\" data-cycle-slides=\"&gt; div\" data-cycle-speed=\"750\" data-cycle-swipe=\"false\" data-cycle-tile-count=\"7\" data-cycle-tile-delay=\"100\" data-cycle-tile-vertical=\"true\" data-cycle-timeout=\"4500\" > <div class=\"cycloneslider-slide cycloneslider-slide-image\" > <img decoding=\"async\" src=\"https:\/\/www.dolografie.com\/wp-content\/uploads\/2017\/09\/Dolografie_013_eng_web.jpg\" alt=\"\" title=\"\" \/> <\/div> <div class=\"cycloneslider-slide cycloneslider-slide-image\" > <img decoding=\"async\" src=\"https:\/\/www.dolografie.com\/wp-content\/uploads\/2017\/09\/Dolografie_003_eng_web.jpg\" alt=\"\" title=\"\" \/> <\/div> <div class=\"cycloneslider-slide cycloneslider-slide-image\" > <img decoding=\"async\" src=\"https:\/\/www.dolografie.com\/wp-content\/uploads\/2017\/09\/Dolografie_006_eng_web.jpg\" alt=\"\" title=\"\" \/> <\/div> <div class=\"cycloneslider-slide cycloneslider-slide-image\" > <img decoding=\"async\" src=\"https:\/\/www.dolografie.com\/wp-content\/uploads\/2017\/09\/Dolografie_022_eng_web.jpg\" alt=\"\" title=\"\" \/> <\/div> <\/div> <\/div><\/p>\n<h1>Contact<\/h1>\n<p>Nous nous r\u00e9jouissons de lire vos questions et vos retours:<\/p>\n<p><a href=\"mailto:info@dolografie.com\">info@dolografie.com<\/a><\/p>\n<p>&nbsp;<\/p>\n<p>Dolografie<\/p>\n<p>Sabine Affolter<\/p>\n<p>Z\u00e4hringerstrasse 42<\/p>\n<p>CH\u20133012 Bern<\/p>\n<h1>Impressario<\/h1>\n<p>\u00a9 2021 Affolter\/R\u00fcfenacht, Bern<\/p>\n<p>Tous droits r\u00e9serv\u00e9s<\/p>\n<p><a href=\"https:\/\/www.dolografie.com\/wp-content\/uploads\/2023\/09\/DG_Datenschutz_230911-2.pdf\" target=\"_blank\" rel=\"noopener\">Protection des donn\u00e9es<\/a><\/p>\n<p>ISBN 978-3-033-05552-0<\/p>\n<p>&nbsp;<\/p>\n<p>La Dolografie a gagn\u00e9 le\u00a0European Design Awards, le\u00a0Prix du Design Suisse dans la cat\u00e9gorie \u00abresearch\u00bb,\u00a0ainsi que\u00a0le prix de\u00a0Berner Design Stiftung.<br \/>\nElle est \u00e9galement soutenue par le\u00a0Creative Hub.<\/p>\n<p>&nbsp;<\/p>\n<p><img loading=\"lazy\" decoding=\"async\" class=\"alignnone wp-image-600 size-medium\" src=\"https:\/\/www.dolografie.com\/wp-content\/uploads\/2013\/10\/DG_logos-1-300x54.png\" alt=\"Design Preis Dolografie\" width=\"300\" height=\"54\" data-id=\"600\" srcset=\"https:\/\/www.dolografie.com\/wp-content\/uploads\/2013\/10\/DG_logos-1-300x54.png 300w, https:\/\/www.dolografie.com\/wp-content\/uploads\/2013\/10\/DG_logos-1-768x138.png 768w, https:\/\/www.dolografie.com\/wp-content\/uploads\/2013\/10\/DG_logos-1-1024x184.png 1024w, https:\/\/www.dolografie.com\/wp-content\/uploads\/2013\/10\/DG_logos-1.png 1152w\" sizes=\"auto, (max-width: 300px) 100vw, 300px\" \/><\/p>\n<p>&nbsp;<\/p>\n<h1>Remerciements<\/h1>\n<p>Merci \u00e0 tous les patientes, patients et sp\u00e9cialistes qui nous ont aid\u00e9 \u00e0 d\u00e9velopper la Dolografie.<\/p>\n<p>&nbsp;<\/p>","protected":false},"excerpt":{"rendered":"<p>Contact Nous nous r\u00e9jouissons de lire vos questions et vos retours: info@dolografie.com &nbsp; Dolografie Sabine Affolter Z\u00e4hringerstrasse 42 CH\u20133012 Bern Impressario \u00a9 2021 Affolter\/R\u00fcfenacht, Bern Tous droits r\u00e9serv\u00e9s Protection des donn\u00e9es ISBN 978-3-033-05552-0 &nbsp; La Dolografie a gagn\u00e9 le\u00a0European Design Awards, le\u00a0Prix du Design Suisse dans la cat\u00e9gorie \u00abresearch\u00bb,\u00a0ainsi que\u00a0le prix de\u00a0Berner Design Stiftung. Elle [&hellip;]<\/p>\n","protected":false},"author":2,"featured_media":0,"parent":0,"menu_order":5,"comment_status":"open","ping_status":"open","template":"","meta":{"footnotes":""},"class_list":["post-23","page","type-page","status-publish","hentry"],"_links":{"self":[{"href":"https:\/\/www.dolografie.com\/fr\/wp-json\/wp\/v2\/pages\/23","targetHints":{"allow":["GET"]}}],"collection":[{"href":"https:\/\/www.dolografie.com\/fr\/wp-json\/wp\/v2\/pages"}],"about":[{"href":"https:\/\/www.dolografie.com\/fr\/wp-json\/wp\/v2\/types\/page"}],"author":[{"embeddable":true,"href":"https:\/\/www.dolografie.com\/fr\/wp-json\/wp\/v2\/users\/2"}],"replies":[{"embeddable":true,"href":"https:\/\/www.dolografie.com\/fr\/wp-json\/wp\/v2\/comments?post=23"}],"version-history":[{"count":68,"href":"https:\/\/www.dolografie.com\/fr\/wp-json\/wp\/v2\/pages\/23\/revisions"}],"predecessor-version":[{"id":2365,"href":"https:\/\/www.dolografie.com\/fr\/wp-json\/wp\/v2\/pages\/23\/revisions\/2365"}],"wp:attachment":[{"href":"https:\/\/www.dolografie.com\/fr\/wp-json\/wp\/v2\/media?parent=23"}],"curies":[{"name":"wp","href":"https:\/\/api.w.org\/{rel}","templated":true}]}}